{"id":103,"date":"2025-07-31T17:08:57","date_gmt":"2025-07-31T15:08:57","guid":{"rendered":"https:\/\/www.camilleloyer-avocat.fr\/?page_id=103"},"modified":"2026-01-29T09:57:07","modified_gmt":"2026-01-29T08:57:07","slug":"honoraires","status":"publish","type":"page","link":"https:\/\/www.camilleloyer-avocat.fr\/index.php\/honoraires\/","title":{"rendered":"Honoraires"},"content":{"rendered":"<div data-colibri-id=\"103-c1\" class=\"style-400 style-local-103-c1 position-relative\">\n  <!---->\n  <div data-colibri-component=\"section\" data-colibri-id=\"103-c2\" id=\"custom-2\" class=\"h-section h-section-global-spacing d-flex align-items-lg-center align-items-md-center align-items-center style-409 style-local-103-c2 position-relative\">\n    <!---->\n    <!---->\n    <div class=\"h-section-grid-container h-section-boxed-container\">\n      <!---->\n      <div data-colibri-id=\"103-c3\" class=\"h-row-container gutters-row-lg-2 gutters-row-md-2 gutters-row-0 gutters-row-v-lg-2 gutters-row-v-md-2 gutters-row-v-2 style-410 style-local-103-c3 position-relative\">\n        <!---->\n        <div class=\"h-row justify-content-lg-center justify-content-md-center justify-content-center align-items-lg-stretch align-items-md-stretch align-items-stretch gutters-col-lg-2 gutters-col-md-2 gutters-col-0 gutters-col-v-lg-2 gutters-col-v-md-2 gutters-col-v-2\">\n          <!---->\n          <div class=\"h-column h-column-container d-flex h-col-lg-auto h-col-md-auto h-col-auto style-411-outer style-local-103-c4-outer\">\n            <div data-colibri-id=\"103-c4\" class=\"d-flex h-flex-basis h-column__inner h-px-lg-2 h-px-md-2 h-px-2 v-inner-lg-2 v-inner-md-2 v-inner-2 style-411 style-local-103-c4 position-relative\">\n              <!---->\n              <!---->\n              <div class=\"w-100 h-y-container h-column__content h-column__v-align flex-basis-100 align-self-lg-start align-self-md-start align-self-start\">\n                <!---->\n                <div data-colibri-id=\"103-c5\" class=\"h-global-transition-all h-heading style-477 style-local-103-c5 position-relative h-element\">\n                  <!---->\n                  <div class=\"h-heading__outer style-477 style-local-103-c5\">\n                    <!---->\n                    <!---->\n                    <h1 class=\"\"><span style=\"font-family: &quot;Abril Fatface&quot;;\">Honoraires<\/span><\/h1>\n                  <\/div>\n                <\/div>\n                <div data-colibri-id=\"103-c6\" class=\"h-text h-text-component style-418 style-local-103-c6 position-relative h-element\">\n                  <!---->\n                  <!---->\n                  <div class=\"\">\n                    <p><span style=\"font-family: Adamina;\">Faire appel \u00e0 un avocat ne constitue pas une d\u00e9pense, mais un investissement strat\u00e9gique.<\/span><\/p>\n                    <p><span style=\"font-family: Adamina;\">Son intervention peut vous permettre de pr\u00e9venir des risques juridiques, de gagner du temps et d\u2019\u00e9viter des co\u00fbts importants, qu\u2019il s\u2019agisse de contentieux ou de n\u00e9gociations complexes.<\/span><\/p>\n                    <p><span style=\"font-family: Adamina;\">L\u2019assistance juridique propos\u00e9e repose sur une d\u00e9ontologie rigoureuse, garantissant notamment la confidentialit\u00e9, le secret des affaires et la s\u00e9curit\u00e9 juridique de vos transactions.<\/span><\/p>\n                    <p><span style=\"font-family: Adamina;\">Vous b\u00e9n\u00e9ficiez d\u2019un accompagnement sur mesure, dans un cadre professionnel s\u00e9curis\u00e9.<\/span><\/p>\n                    <p><span style=\"font-family: Adamina;\">Les honoraires sont fix\u00e9s librement en accord avec le client, en tenant compte de la nature, de la complexit\u00e9 du dossier et du temps estim\u00e9.<\/span><\/p>\n                    <p><span style=\"font-family: Adamina;\">Ils peuvent \u00eatre d\u00e9termin\u00e9s au forfait, au temps pass\u00e9, ou compl\u00e9t\u00e9s par un honoraire de r\u00e9sultat, selon les sp\u00e9cificit\u00e9s du dossier et dans le respect des r\u00e8gles l\u00e9gales et d\u00e9ontologiques applicables.<\/span><\/p>\n                    <p>\n                      <br>\n                    <\/p>\n                  <\/div>\n                <\/div>\n              <\/div>\n            <\/div>\n          <\/div>\n        <\/div>\n      <\/div>\n      <div data-colibri-id=\"103-c7\" class=\"h-row-container gutters-row-lg-2 gutters-row-md-2 gutters-row-0 gutters-row-v-lg-2 gutters-row-v-md-2 gutters-row-v-2 style-415 style-local-103-c7 position-relative\">\n        <!---->\n        <div class=\"h-row justify-content-lg-center justify-content-md-center justify-content-center align-items-lg-stretch align-items-md-stretch align-items-stretch gutters-col-lg-2 gutters-col-md-2 gutters-col-0 gutters-col-v-lg-2 gutters-col-v-md-2 gutters-col-v-2\">\n          <!---->\n          <div class=\"h-column h-column-container d-flex h-col-lg-auto h-col-md-auto h-col-auto style-416-outer style-local-103-c8-outer\">\n            <div data-colibri-id=\"103-c8\" class=\"d-flex h-flex-basis h-column__inner h-ui-empty-state-container h-px-lg-2 h-px-md-2 h-px-2 v-inner-lg-2 v-inner-md-2 v-inner-2 style-416 style-local-103-c8 position-relative\">\n              <!---->\n              <!---->\n              <div class=\"w-100 h-y-container h-column__content h-column__v-align flex-basis-100\">\n                <!---->\n              <\/div>\n            <\/div>\n          <\/div>\n        <\/div>\n      <\/div>\n    <\/div>\n  <\/div>\n<\/div>","protected":false},"excerpt":{"rendered":"<p>Honoraires Faire appel \u00e0 un avocat ne constitue pas une d\u00e9pense, mais un investissement strat\u00e9gique. Son intervention peut vous permettre de pr\u00e9venir des risques juridiques, de gagner du temps et d\u2019\u00e9viter des co\u00fbts importants, qu\u2019il s\u2019agisse de contentieux ou de n\u00e9gociations complexes. L\u2019assistance juridique propos\u00e9e repose sur une d\u00e9ontologie rigoureuse, garantissant notamment la confidentialit\u00e9, le [&hellip;]<\/p>\n","protected":false},"author":1,"featured_media":0,"parent":0,"menu_order":0,"comment_status":"closed","ping_status":"closed","template":"page-templates\/full-width-page.php","meta":{"saved_in_kubio":false,"footnotes":""},"class_list":["post-103","page","type-page","status-publish","hentry"],"kubio_ai_page_context":{"short_desc":"","purpose":"general"},"yoast_head":"<!-- This site is optimized with the Yoast SEO plugin v26.8 - https:\/\/yoast.com\/product\/yoast-seo-wordpress\/ -->\n<title>Honoraires - Camille Loyer-Lozach<\/title>\n<meta name=\"robots\" content=\"index, follow, max-snippet:-1, max-image-preview:large, max-video-preview:-1\" \/>\n<link rel=\"canonical\" href=\"https:\/\/www.camilleloyer-avocat.fr\/index.php\/honoraires\/\" \/>\n<meta property=\"og:locale\" content=\"fr_FR\" \/>\n<meta property=\"og:type\" content=\"article\" \/>\n<meta property=\"og:title\" content=\"Honoraires - Camille Loyer-Lozach\" \/>\n<meta property=\"og:description\" content=\"Honoraires Faire appel \u00e0 un avocat ne constitue pas une d\u00e9pense, mais un investissement strat\u00e9gique. Son intervention peut vous permettre de pr\u00e9venir des risques juridiques, de gagner du temps et d\u2019\u00e9viter des co\u00fbts importants, qu\u2019il s\u2019agisse de contentieux ou de n\u00e9gociations complexes. L\u2019assistance juridique propos\u00e9e repose sur une d\u00e9ontologie rigoureuse, garantissant notamment la confidentialit\u00e9, le [&hellip;]\" \/>\n<meta property=\"og:url\" content=\"https:\/\/www.camilleloyer-avocat.fr\/index.php\/honoraires\/\" \/>\n<meta property=\"og:site_name\" content=\"Camille Loyer-Lozach\" \/>\n<meta property=\"article:modified_time\" content=\"2026-01-29T08:57:07+00:00\" \/>\n<meta name=\"twitter:card\" content=\"summary_large_image\" \/>\n<meta name=\"twitter:label1\" content=\"Dur\u00e9e de lecture estim\u00e9e\" \/>\n\t<meta name=\"twitter:data1\" content=\"1 minute\" \/>\n<script type=\"application\/ld+json\" class=\"yoast-schema-graph\">{\"@context\":\"https:\/\/schema.org\",\"@graph\":[{\"@type\":\"WebPage\",\"@id\":\"https:\/\/www.camilleloyer-avocat.fr\/index.php\/honoraires\/\",\"url\":\"https:\/\/www.camilleloyer-avocat.fr\/index.php\/honoraires\/\",\"name\":\"Honoraires - Camille Loyer-Lozach\",\"isPartOf\":{\"@id\":\"https:\/\/www.camilleloyer-avocat.fr\/#website\"},\"datePublished\":\"2025-07-31T15:08:57+00:00\",\"dateModified\":\"2026-01-29T08:57:07+00:00\",\"breadcrumb\":{\"@id\":\"https:\/\/www.camilleloyer-avocat.fr\/index.php\/honoraires\/#breadcrumb\"},\"inLanguage\":\"fr-FR\",\"potentialAction\":[{\"@type\":\"ReadAction\",\"target\":[\"https:\/\/www.camilleloyer-avocat.fr\/index.php\/honoraires\/\"]}]},{\"@type\":\"BreadcrumbList\",\"@id\":\"https:\/\/www.camilleloyer-avocat.fr\/index.php\/honoraires\/#breadcrumb\",\"itemListElement\":[{\"@type\":\"ListItem\",\"position\":1,\"name\":\"Accueil\",\"item\":\"https:\/\/www.camilleloyer-avocat.fr\/\"},{\"@type\":\"ListItem\",\"position\":2,\"name\":\"Honoraires\"}]},{\"@type\":\"WebSite\",\"@id\":\"https:\/\/www.camilleloyer-avocat.fr\/#website\",\"url\":\"https:\/\/www.camilleloyer-avocat.fr\/\",\"name\":\"Camille Loyer Lozach\",\"description\":\"Avocate en droit de la propri\u00e9t\u00e9 intellectuelle, droit du num\u00e9rique et droit p\u00e9nal\",\"publisher\":{\"@id\":\"https:\/\/www.camilleloyer-avocat.fr\/#organization\"},\"potentialAction\":[{\"@type\":\"SearchAction\",\"target\":{\"@type\":\"EntryPoint\",\"urlTemplate\":\"https:\/\/www.camilleloyer-avocat.fr\/?s={search_term_string}\"},\"query-input\":{\"@type\":\"PropertyValueSpecification\",\"valueRequired\":true,\"valueName\":\"search_term_string\"}}],\"inLanguage\":\"fr-FR\"},{\"@type\":\"Organization\",\"@id\":\"https:\/\/www.camilleloyer-avocat.fr\/#organization\",\"name\":\"Camille Loyer Lozach\",\"url\":\"https:\/\/www.camilleloyer-avocat.fr\/\",\"logo\":{\"@type\":\"ImageObject\",\"inLanguage\":\"fr-FR\",\"@id\":\"https:\/\/www.camilleloyer-avocat.fr\/#\/schema\/logo\/image\/\",\"url\":\"https:\/\/www.camilleloyer-avocat.fr\/wp-content\/uploads\/2025\/07\/cropped-Logo-CL.jpg\",\"contentUrl\":\"https:\/\/www.camilleloyer-avocat.fr\/wp-content\/uploads\/2025\/07\/cropped-Logo-CL.jpg\",\"width\":66,\"height\":72,\"caption\":\"Camille Loyer Lozach\"},\"image\":{\"@id\":\"https:\/\/www.camilleloyer-avocat.fr\/#\/schema\/logo\/image\/\"}}]}<\/script>\n<!-- \/ Yoast SEO plugin. -->","yoast_head_json":{"title":"Honoraires - Camille Loyer-Lozach","robots":{"index":"index","follow":"follow","max-snippet":"max-snippet:-1","max-image-preview":"max-image-preview:large","max-video-preview":"max-video-preview:-1"},"canonical":"https:\/\/www.camilleloyer-avocat.fr\/index.php\/honoraires\/","og_locale":"fr_FR","og_type":"article","og_title":"Honoraires - Camille Loyer-Lozach","og_description":"Honoraires Faire appel \u00e0 un avocat ne constitue pas une d\u00e9pense, mais un investissement strat\u00e9gique. Son intervention peut vous permettre de pr\u00e9venir des risques juridiques, de gagner du temps et d\u2019\u00e9viter des co\u00fbts importants, qu\u2019il s\u2019agisse de contentieux ou de n\u00e9gociations complexes. L\u2019assistance juridique propos\u00e9e repose sur une d\u00e9ontologie rigoureuse, garantissant notamment la confidentialit\u00e9, le [&hellip;]","og_url":"https:\/\/www.camilleloyer-avocat.fr\/index.php\/honoraires\/","og_site_name":"Camille Loyer-Lozach","article_modified_time":"2026-01-29T08:57:07+00:00","twitter_card":"summary_large_image","twitter_misc":{"Dur\u00e9e de lecture estim\u00e9e":"1 minute"},"schema":{"@context":"https:\/\/schema.org","@graph":[{"@type":"WebPage","@id":"https:\/\/www.camilleloyer-avocat.fr\/index.php\/honoraires\/","url":"https:\/\/www.camilleloyer-avocat.fr\/index.php\/honoraires\/","name":"Honoraires - Camille Loyer-Lozach","isPartOf":{"@id":"https:\/\/www.camilleloyer-avocat.fr\/#website"},"datePublished":"2025-07-31T15:08:57+00:00","dateModified":"2026-01-29T08:57:07+00:00","breadcrumb":{"@id":"https:\/\/www.camilleloyer-avocat.fr\/index.php\/honoraires\/#breadcrumb"},"inLanguage":"fr-FR","potentialAction":[{"@type":"ReadAction","target":["https:\/\/www.camilleloyer-avocat.fr\/index.php\/honoraires\/"]}]},{"@type":"BreadcrumbList","@id":"https:\/\/www.camilleloyer-avocat.fr\/index.php\/honoraires\/#breadcrumb","itemListElement":[{"@type":"ListItem","position":1,"name":"Accueil","item":"https:\/\/www.camilleloyer-avocat.fr\/"},{"@type":"ListItem","position":2,"name":"Honoraires"}]},{"@type":"WebSite","@id":"https:\/\/www.camilleloyer-avocat.fr\/#website","url":"https:\/\/www.camilleloyer-avocat.fr\/","name":"Camille Loyer Lozach","description":"Avocate en droit de la propri\u00e9t\u00e9 intellectuelle, droit du num\u00e9rique et droit p\u00e9nal","publisher":{"@id":"https:\/\/www.camilleloyer-avocat.fr\/#organization"},"potentialAction":[{"@type":"SearchAction","target":{"@type":"EntryPoint","urlTemplate":"https:\/\/www.camilleloyer-avocat.fr\/?s={search_term_string}"},"query-input":{"@type":"PropertyValueSpecification","valueRequired":true,"valueName":"search_term_string"}}],"inLanguage":"fr-FR"},{"@type":"Organization","@id":"https:\/\/www.camilleloyer-avocat.fr\/#organization","name":"Camille Loyer Lozach","url":"https:\/\/www.camilleloyer-avocat.fr\/","logo":{"@type":"ImageObject","inLanguage":"fr-FR","@id":"https:\/\/www.camilleloyer-avocat.fr\/#\/schema\/logo\/image\/","url":"https:\/\/www.camilleloyer-avocat.fr\/wp-content\/uploads\/2025\/07\/cropped-Logo-CL.jpg","contentUrl":"https:\/\/www.camilleloyer-avocat.fr\/wp-content\/uploads\/2025\/07\/cropped-Logo-CL.jpg","width":66,"height":72,"caption":"Camille Loyer Lozach"},"image":{"@id":"https:\/\/www.camilleloyer-avocat.fr\/#\/schema\/logo\/image\/"}}]}},"_links":{"self":[{"href":"https:\/\/www.camilleloyer-avocat.fr\/index.php\/wp-json\/wp\/v2\/pages\/103","targetHints":{"allow":["GET"]}}],"collection":[{"href":"https:\/\/www.camilleloyer-avocat.fr\/index.php\/wp-json\/wp\/v2\/pages"}],"about":[{"href":"https:\/\/www.camilleloyer-avocat.fr\/index.php\/wp-json\/wp\/v2\/types\/page"}],"author":[{"embeddable":true,"href":"https:\/\/www.camilleloyer-avocat.fr\/index.php\/wp-json\/wp\/v2\/users\/1"}],"replies":[{"embeddable":true,"href":"https:\/\/www.camilleloyer-avocat.fr\/index.php\/wp-json\/wp\/v2\/comments?post=103"}],"version-history":[{"count":12,"href":"https:\/\/www.camilleloyer-avocat.fr\/index.php\/wp-json\/wp\/v2\/pages\/103\/revisions"}],"predecessor-version":[{"id":1350,"href":"https:\/\/www.camilleloyer-avocat.fr\/index.php\/wp-json\/wp\/v2\/pages\/103\/revisions\/1350"}],"wp:attachment":[{"href":"https:\/\/www.camilleloyer-avocat.fr\/index.php\/wp-json\/wp\/v2\/media?parent=103"}],"curies":[{"name":"wp","href":"https:\/\/api.w.org\/{rel}","templated":true}]}}