{"id":105,"date":"2025-07-31T17:09:16","date_gmt":"2025-07-31T15:09:16","guid":{"rendered":"https:\/\/www.camilleloyer-avocat.fr\/?page_id=105"},"modified":"2026-01-29T12:06:07","modified_gmt":"2026-01-29T11:06:07","slug":"mentions-legales","status":"publish","type":"page","link":"https:\/\/www.camilleloyer-avocat.fr\/index.php\/mentions-legales\/","title":{"rendered":"Mentions l\u00e9gales"},"content":{"rendered":"<div data-colibri-id=\"105-c1\" class=\"style-381 style-local-105-c1 position-relative\">\n  <!---->\n  <div data-colibri-component=\"section\" data-colibri-id=\"105-c7\" id=\"about\" class=\"h-section h-section-global-spacing d-flex align-items-lg-center align-items-md-center align-items-center style-577 style-local-105-c7 position-relative\">\n    <!---->\n    <!---->\n    <div class=\"h-section-grid-container h-section-boxed-container\">\n      <!---->\n      <div data-colibri-id=\"105-c8\" class=\"h-row-container gutters-row-lg-0 gutters-row-md-0 gutters-row-2 gutters-row-v-lg-0 gutters-row-v-md-0 gutters-row-v-0 style-578 style-local-105-c8 position-relative\">\n        <!---->\n        <div class=\"h-row justify-content-lg-center justify-content-md-center justify-content-center align-items-lg-stretch align-items-md-stretch align-items-stretch gutters-col-lg-0 gutters-col-md-0 gutters-col-2 gutters-col-v-lg-0 gutters-col-v-md-0 gutters-col-v-0\">\n          <!---->\n          <div class=\"h-column h-column-container d-flex h-col-lg-auto h-col-md-auto h-col-auto style-582-outer style-local-105-c12-outer\">\n            <div data-colibri-id=\"105-c12\" class=\"d-flex h-flex-basis h-column__inner h-px-lg-2 h-px-md-2 h-px-2 v-inner-lg-2 v-inner-md-2 v-inner-2 style-582 style-local-105-c12 position-relative\">\n              <!---->\n              <!---->\n              <div class=\"w-100 h-y-container h-column__content h-column__v-align flex-basis-100 align-self-lg-center align-self-md-center align-self-center\">\n                <!---->\n                <div data-colibri-id=\"105-c13\" class=\"h-global-transition-all h-heading style-583 style-local-105-c13 position-relative h-element\">\n                  <!---->\n                  <div class=\"h-heading__outer style-583 style-local-105-c13\">\n                    <!---->\n                    <!---->\n                    <h2 class=\"\">Mentions l\u00e9gales<\/h2>\n                  <\/div>\n                <\/div>\n                <div data-colibri-id=\"105-c15\" class=\"h-text h-text-component style-585 style-local-105-c15 position-relative h-element\">\n                  <!---->\n                  <!---->\n                  <div class=\"\">\n                    <p><strong>\u00c9diteur<\/strong><\/p>\n                    <p>Camille Loyer-Lozach Avocate au Barreau de Paris Adresse : 69 place du Docteur Felix Lobligeois Adresse e-mail :\n                      <a href=\"mailto:clo-@-camilleloyer-avocat.fr\">clo(at)camilleloyer-avocat.fr<\/a>\n                    <\/p>\n                    <p><strong>H\u00e9bergeur<\/strong><\/p>\n                    <p>OVH SAS 2, rue Kellermann \u2013 59100 Roubaix \u2013 France T\u00e9l\u00e9phone : 1007 (depuis la France) Site :\n                      <a href=\"https:\/\/www.ovhcloud.com\" class=\"customize-unpreviewable\">https:\/\/www.ovhcloud.com<\/a>\n                    <\/p>\n                    <p><strong>Directrice de la publication :<\/strong> Camille Loyer-Lozach<\/p>\n                    <p><strong>Activit\u00e9 r\u00e9glement\u00e9e<\/strong><\/p>\n                    <p>Ma\u00eetre Camille Loyer-Lozach exerce la profession d&rsquo;avocat, r\u00e9glement\u00e9e par la loi n\u00b0 71-1130 du 31 d\u00e9cembre 1971, dans le respect des r\u00e8gles d\u00e9ontologiques applicables \u00e0 la profession, notamment le R\u00e8glement Int\u00e9rieur National (RIN)\n                      de la profession d&rsquo;avocat.<\/p>\n                    <p>Ordre des avocats de Paris \u2013 11, place Dauphine, 75053 Paris Cedex 01<\/p>\n                    <p>Site :&nbsp;\n                      <a href=\"http:\/\/www.avocatparis.org\" class=\"customize-unpreviewable\">www.avocatparis.org<\/a>\n                    <\/p>\n                    <p><strong>Propri\u00e9t\u00e9 intellectuelle<\/strong><\/p>\n                    <p>L&rsquo;ensemble du contenu pr\u00e9sent sur ce site (textes, images, logo, documents t\u00e9l\u00e9chargeables\u2026) est prot\u00e9g\u00e9 par le droit d&rsquo;auteur et la l\u00e9gislation applicable en mati\u00e8re de propri\u00e9t\u00e9 intellectuelle.<\/p>\n                    <p>Toute reproduction ou utilisation, m\u00eame partielle, sans autorisation \u00e9crite pr\u00e9alable est strictement interdite.<\/p>\n                    <p><strong>Donn\u00e9es personnelles<\/strong><\/p>\n                    <p>Les donn\u00e9es personnelles \u00e9ventuellement collect\u00e9es via les formulaires du site ou vers lesquels le site renvoie sont destin\u00e9es exclusivement \u00e0 un usage professionnel dans le cadre des activit\u00e9s de Camille Loyer-Lozach<\/p>\n                    <p>Conform\u00e9ment aux dispositions du R\u00e8glement g\u00e9n\u00e9ral sur la protection de donn\u00e9es (RGPD) et \u00e0 la loi \u00ab Informatique et Libert\u00e9s \u00bb, vous disposez d&rsquo;un droit d&rsquo;acc\u00e8s, de rectification, d&rsquo;opposition et de suppression des donn\u00e9es vous concernant.\n                      Pour exercer ce droit, vous pouvez adresser votre demande par e-mail \u00e0 :\n                      <a href=\"mailto:clo-@-camilleloyer-avocat.fr\" style=\"font-family: &quot;Open Sans&quot;; font-weight: 400; font-size: 16px; color: rgb(0, 102, 204);\">clo(at)camilleloyer<\/a>\n                      <a href=\"mailto:clo-@-camilleloyer-avocat.fr\">-avocat.fr<\/a>\n                    <\/p>\n                    <p>Aucune donn\u00e9e n&rsquo;est c\u00e9d\u00e9e \u00e0 des tiers.<\/p>\n                    <p><strong>Cookies<\/strong><\/p>\n                    <p>Le site peut utiliser des cookies \u00e0 des fins de mesure d&rsquo;audience ou d&rsquo;am\u00e9lioration de l&rsquo;exp\u00e9rience utilisateur.<\/p>\n                    <p>En continuant votre navigation, vous acceptez l&rsquo;utilisation de ces cookies. Vous pouvez \u00e0 tout moment modifier ces param\u00e8tres via votre navigateur.<\/p>\n                  <\/div>\n                <\/div>\n              <\/div>\n            <\/div>\n          <\/div>\n        <\/div>\n      <\/div>\n    <\/div>\n  <\/div>\n<\/div>","protected":false},"excerpt":{"rendered":"<p>Mentions l\u00e9gales \u00c9diteur Camille Loyer-Lozach Avocate au Barreau de Paris Adresse : 69 place du Docteur Felix Lobligeois Adresse e-mail : clo(at)camilleloyer-avocat.fr H\u00e9bergeur OVH SAS 2, rue Kellermann \u2013 59100 Roubaix \u2013 France T\u00e9l\u00e9phone : 1007 (depuis la France) Site : https:\/\/www.ovhcloud.com Directrice de la publication : Camille Loyer-Lozach Activit\u00e9 r\u00e9glement\u00e9e Ma\u00eetre Camille Loyer-Lozach exerce [&hellip;]<\/p>\n","protected":false},"author":1,"featured_media":0,"parent":0,"menu_order":0,"comment_status":"closed","ping_status":"closed","template":"page-templates\/full-width-page.php","meta":{"saved_in_kubio":false,"footnotes":""},"class_list":["post-105","page","type-page","status-publish","hentry"],"kubio_ai_page_context":{"short_desc":"","purpose":"general"},"yoast_head":"<!-- This site is optimized with the Yoast SEO plugin v26.8 - https:\/\/yoast.com\/product\/yoast-seo-wordpress\/ -->\n<title>Mentions l\u00e9gales - Camille Loyer-Lozach<\/title>\n<meta name=\"robots\" content=\"index, follow, max-snippet:-1, max-image-preview:large, max-video-preview:-1\" \/>\n<link rel=\"canonical\" href=\"https:\/\/www.camilleloyer-avocat.fr\/index.php\/mentions-legales\/\" \/>\n<meta property=\"og:locale\" content=\"fr_FR\" \/>\n<meta property=\"og:type\" content=\"article\" \/>\n<meta property=\"og:title\" content=\"Mentions l\u00e9gales - Camille Loyer-Lozach\" \/>\n<meta property=\"og:description\" content=\"Mentions l\u00e9gales \u00c9diteur Camille Loyer-Lozach Avocate au Barreau de Paris Adresse : 69 place du Docteur Felix Lobligeois Adresse e-mail : clo(at)camilleloyer-avocat.fr H\u00e9bergeur OVH SAS 2, rue Kellermann \u2013 59100 Roubaix \u2013 France T\u00e9l\u00e9phone : 1007 (depuis la France) Site : https:\/\/www.ovhcloud.com Directrice de la publication : Camille Loyer-Lozach Activit\u00e9 r\u00e9glement\u00e9e Ma\u00eetre Camille Loyer-Lozach exerce [&hellip;]\" \/>\n<meta property=\"og:url\" content=\"https:\/\/www.camilleloyer-avocat.fr\/index.php\/mentions-legales\/\" \/>\n<meta property=\"og:site_name\" content=\"Camille Loyer-Lozach\" \/>\n<meta property=\"article:modified_time\" content=\"2026-01-29T11:06:07+00:00\" \/>\n<meta name=\"twitter:card\" content=\"summary_large_image\" \/>\n<meta name=\"twitter:label1\" content=\"Dur\u00e9e de lecture estim\u00e9e\" \/>\n\t<meta name=\"twitter:data1\" content=\"2 minutes\" \/>\n<script type=\"application\/ld+json\" class=\"yoast-schema-graph\">{\"@context\":\"https:\/\/schema.org\",\"@graph\":[{\"@type\":\"WebPage\",\"@id\":\"https:\/\/www.camilleloyer-avocat.fr\/index.php\/mentions-legales\/\",\"url\":\"https:\/\/www.camilleloyer-avocat.fr\/index.php\/mentions-legales\/\",\"name\":\"Mentions l\u00e9gales - Camille Loyer-Lozach\",\"isPartOf\":{\"@id\":\"https:\/\/www.camilleloyer-avocat.fr\/#website\"},\"datePublished\":\"2025-07-31T15:09:16+00:00\",\"dateModified\":\"2026-01-29T11:06:07+00:00\",\"breadcrumb\":{\"@id\":\"https:\/\/www.camilleloyer-avocat.fr\/index.php\/mentions-legales\/#breadcrumb\"},\"inLanguage\":\"fr-FR\",\"potentialAction\":[{\"@type\":\"ReadAction\",\"target\":[\"https:\/\/www.camilleloyer-avocat.fr\/index.php\/mentions-legales\/\"]}]},{\"@type\":\"BreadcrumbList\",\"@id\":\"https:\/\/www.camilleloyer-avocat.fr\/index.php\/mentions-legales\/#breadcrumb\",\"itemListElement\":[{\"@type\":\"ListItem\",\"position\":1,\"name\":\"Accueil\",\"item\":\"https:\/\/www.camilleloyer-avocat.fr\/\"},{\"@type\":\"ListItem\",\"position\":2,\"name\":\"Mentions l\u00e9gales\"}]},{\"@type\":\"WebSite\",\"@id\":\"https:\/\/www.camilleloyer-avocat.fr\/#website\",\"url\":\"https:\/\/www.camilleloyer-avocat.fr\/\",\"name\":\"Camille Loyer Lozach\",\"description\":\"Avocate en droit de la propri\u00e9t\u00e9 intellectuelle, droit du num\u00e9rique et droit p\u00e9nal\",\"publisher\":{\"@id\":\"https:\/\/www.camilleloyer-avocat.fr\/#organization\"},\"potentialAction\":[{\"@type\":\"SearchAction\",\"target\":{\"@type\":\"EntryPoint\",\"urlTemplate\":\"https:\/\/www.camilleloyer-avocat.fr\/?s={search_term_string}\"},\"query-input\":{\"@type\":\"PropertyValueSpecification\",\"valueRequired\":true,\"valueName\":\"search_term_string\"}}],\"inLanguage\":\"fr-FR\"},{\"@type\":\"Organization\",\"@id\":\"https:\/\/www.camilleloyer-avocat.fr\/#organization\",\"name\":\"Camille Loyer Lozach\",\"url\":\"https:\/\/www.camilleloyer-avocat.fr\/\",\"logo\":{\"@type\":\"ImageObject\",\"inLanguage\":\"fr-FR\",\"@id\":\"https:\/\/www.camilleloyer-avocat.fr\/#\/schema\/logo\/image\/\",\"url\":\"https:\/\/www.camilleloyer-avocat.fr\/wp-content\/uploads\/2025\/07\/cropped-Logo-CL.jpg\",\"contentUrl\":\"https:\/\/www.camilleloyer-avocat.fr\/wp-content\/uploads\/2025\/07\/cropped-Logo-CL.jpg\",\"width\":66,\"height\":72,\"caption\":\"Camille Loyer Lozach\"},\"image\":{\"@id\":\"https:\/\/www.camilleloyer-avocat.fr\/#\/schema\/logo\/image\/\"}}]}<\/script>\n<!-- \/ Yoast SEO plugin. -->","yoast_head_json":{"title":"Mentions l\u00e9gales - Camille Loyer-Lozach","robots":{"index":"index","follow":"follow","max-snippet":"max-snippet:-1","max-image-preview":"max-image-preview:large","max-video-preview":"max-video-preview:-1"},"canonical":"https:\/\/www.camilleloyer-avocat.fr\/index.php\/mentions-legales\/","og_locale":"fr_FR","og_type":"article","og_title":"Mentions l\u00e9gales - Camille Loyer-Lozach","og_description":"Mentions l\u00e9gales \u00c9diteur Camille Loyer-Lozach Avocate au Barreau de Paris Adresse : 69 place du Docteur Felix Lobligeois Adresse e-mail : clo(at)camilleloyer-avocat.fr H\u00e9bergeur OVH SAS 2, rue Kellermann \u2013 59100 Roubaix \u2013 France T\u00e9l\u00e9phone : 1007 (depuis la France) Site : https:\/\/www.ovhcloud.com Directrice de la publication : Camille Loyer-Lozach Activit\u00e9 r\u00e9glement\u00e9e Ma\u00eetre Camille Loyer-Lozach exerce [&hellip;]","og_url":"https:\/\/www.camilleloyer-avocat.fr\/index.php\/mentions-legales\/","og_site_name":"Camille Loyer-Lozach","article_modified_time":"2026-01-29T11:06:07+00:00","twitter_card":"summary_large_image","twitter_misc":{"Dur\u00e9e de lecture estim\u00e9e":"2 minutes"},"schema":{"@context":"https:\/\/schema.org","@graph":[{"@type":"WebPage","@id":"https:\/\/www.camilleloyer-avocat.fr\/index.php\/mentions-legales\/","url":"https:\/\/www.camilleloyer-avocat.fr\/index.php\/mentions-legales\/","name":"Mentions l\u00e9gales - Camille Loyer-Lozach","isPartOf":{"@id":"https:\/\/www.camilleloyer-avocat.fr\/#website"},"datePublished":"2025-07-31T15:09:16+00:00","dateModified":"2026-01-29T11:06:07+00:00","breadcrumb":{"@id":"https:\/\/www.camilleloyer-avocat.fr\/index.php\/mentions-legales\/#breadcrumb"},"inLanguage":"fr-FR","potentialAction":[{"@type":"ReadAction","target":["https:\/\/www.camilleloyer-avocat.fr\/index.php\/mentions-legales\/"]}]},{"@type":"BreadcrumbList","@id":"https:\/\/www.camilleloyer-avocat.fr\/index.php\/mentions-legales\/#breadcrumb","itemListElement":[{"@type":"ListItem","position":1,"name":"Accueil","item":"https:\/\/www.camilleloyer-avocat.fr\/"},{"@type":"ListItem","position":2,"name":"Mentions l\u00e9gales"}]},{"@type":"WebSite","@id":"https:\/\/www.camilleloyer-avocat.fr\/#website","url":"https:\/\/www.camilleloyer-avocat.fr\/","name":"Camille Loyer Lozach","description":"Avocate en droit de la propri\u00e9t\u00e9 intellectuelle, droit du num\u00e9rique et droit p\u00e9nal","publisher":{"@id":"https:\/\/www.camilleloyer-avocat.fr\/#organization"},"potentialAction":[{"@type":"SearchAction","target":{"@type":"EntryPoint","urlTemplate":"https:\/\/www.camilleloyer-avocat.fr\/?s={search_term_string}"},"query-input":{"@type":"PropertyValueSpecification","valueRequired":true,"valueName":"search_term_string"}}],"inLanguage":"fr-FR"},{"@type":"Organization","@id":"https:\/\/www.camilleloyer-avocat.fr\/#organization","name":"Camille Loyer Lozach","url":"https:\/\/www.camilleloyer-avocat.fr\/","logo":{"@type":"ImageObject","inLanguage":"fr-FR","@id":"https:\/\/www.camilleloyer-avocat.fr\/#\/schema\/logo\/image\/","url":"https:\/\/www.camilleloyer-avocat.fr\/wp-content\/uploads\/2025\/07\/cropped-Logo-CL.jpg","contentUrl":"https:\/\/www.camilleloyer-avocat.fr\/wp-content\/uploads\/2025\/07\/cropped-Logo-CL.jpg","width":66,"height":72,"caption":"Camille Loyer Lozach"},"image":{"@id":"https:\/\/www.camilleloyer-avocat.fr\/#\/schema\/logo\/image\/"}}]}},"_links":{"self":[{"href":"https:\/\/www.camilleloyer-avocat.fr\/index.php\/wp-json\/wp\/v2\/pages\/105","targetHints":{"allow":["GET"]}}],"collection":[{"href":"https:\/\/www.camilleloyer-avocat.fr\/index.php\/wp-json\/wp\/v2\/pages"}],"about":[{"href":"https:\/\/www.camilleloyer-avocat.fr\/index.php\/wp-json\/wp\/v2\/types\/page"}],"author":[{"embeddable":true,"href":"https:\/\/www.camilleloyer-avocat.fr\/index.php\/wp-json\/wp\/v2\/users\/1"}],"replies":[{"embeddable":true,"href":"https:\/\/www.camilleloyer-avocat.fr\/index.php\/wp-json\/wp\/v2\/comments?post=105"}],"version-history":[{"count":10,"href":"https:\/\/www.camilleloyer-avocat.fr\/index.php\/wp-json\/wp\/v2\/pages\/105\/revisions"}],"predecessor-version":[{"id":1415,"href":"https:\/\/www.camilleloyer-avocat.fr\/index.php\/wp-json\/wp\/v2\/pages\/105\/revisions\/1415"}],"wp:attachment":[{"href":"https:\/\/www.camilleloyer-avocat.fr\/index.php\/wp-json\/wp\/v2\/media?parent=105"}],"curies":[{"name":"wp","href":"https:\/\/api.w.org\/{rel}","templated":true}]}}