{"id":3,"date":"2023-02-11T11:51:37","date_gmt":"2023-02-11T10:51:37","guid":{"rendered":"http:\/\/haasfva.cluster027.hosting.ovh.net\/?page_id=3"},"modified":"2026-01-29T12:13:48","modified_gmt":"2026-01-29T11:13:48","slug":"politique-de-confidentialite","status":"publish","type":"page","link":"https:\/\/www.camilleloyer-avocat.fr\/index.php\/politique-de-confidentialite\/","title":{"rendered":"Politique de confidentialit\u00e9"},"content":{"rendered":"<div data-colibri-id=\"3-c1\" class=\"style-494 style-local-3-c1 position-relative\">\n  <!---->\n  <div data-colibri-component=\"section\" data-colibri-id=\"3-c6\" id=\"about\" class=\"h-section h-section-global-spacing d-flex align-items-lg-center align-items-md-center align-items-center style-586 style-local-3-c6 position-relative\">\n    <!---->\n    <!---->\n    <div class=\"h-section-grid-container h-section-boxed-container\">\n      <!---->\n      <div data-colibri-id=\"3-c7\" class=\"h-row-container gutters-row-lg-0 gutters-row-md-0 gutters-row-2 gutters-row-v-lg-0 gutters-row-v-md-0 gutters-row-v-0 style-587 style-local-3-c7 position-relative\">\n        <!---->\n        <div class=\"h-row justify-content-lg-center justify-content-md-center justify-content-center align-items-lg-stretch align-items-md-stretch align-items-stretch gutters-col-lg-0 gutters-col-md-0 gutters-col-2 gutters-col-v-lg-0 gutters-col-v-md-0 gutters-col-v-0\">\n          <!---->\n          <div class=\"h-column h-column-container d-flex h-col-lg-auto h-col-md-auto h-col-auto style-591-outer style-local-3-c11-outer\">\n            <div data-colibri-id=\"3-c11\" class=\"d-flex h-flex-basis h-column__inner h-px-lg-2 h-px-md-2 h-px-2 v-inner-lg-2 v-inner-md-2 v-inner-2 style-591 style-local-3-c11 position-relative\">\n              <!---->\n              <!---->\n              <div class=\"w-100 h-y-container h-column__content h-column__v-align flex-basis-100 align-self-lg-center align-self-md-center align-self-center\">\n                <!---->\n                <div data-colibri-id=\"3-c12\" class=\"h-global-transition-all h-heading style-592 style-local-3-c12 position-relative h-element\">\n                  <!---->\n                  <div class=\"h-heading__outer style-592 style-local-3-c12\">\n                    <!---->\n                    <!---->\n                    <h2 class=\"\">Politique de confidentialit\u00e9<\/h2>\n                  <\/div>\n                <\/div>\n                <div data-colibri-id=\"3-c14\" class=\"h-text h-text-component style-594 style-local-3-c14 position-relative h-element\">\n                  <!---->\n                  <!---->\n                  <div class=\"\">\n                    <h3>\n                      <br>\n                    <\/h3>\n                    <p><span style=\"font-family: Adamina;\">Dans le cadre de l\u2019exploitation du site, le cabinet est susceptible de collecter les donn\u00e9es suivantes vous concernant&nbsp;en tant que responsable de traitement, par l&rsquo;interm\u00e9diaire de ses sous-traitants :<\/span><\/p>\n                    <ul>\n                      <li><span style=\"font-family: Adamina;\">\u2013 Nom et pr\u00e9nom<\/span><\/li>\n                      <li><span style=\"font-family: Adamina;\">\u2013 Adresse \u00e9lectronique<\/span><\/li>\n                      <li><span style=\"font-family: Adamina;\">\u2013 Num\u00e9ro de t\u00e9l\u00e9phone<\/span><\/li>\n                      <li><span style=\"font-family: Adamina;\">\u2013 Probl\u00e9matique juridique<\/span><\/li>\n                      <li><span style=\"font-family: Adamina;\">\u2013 Adresse IP<\/span><\/li>\n                    <\/ul>\n                    <h3><span style=\"font-family: Adamina;\">Finalit\u00e9 des traitements<\/span><\/h3>\n                    <p><span style=\"font-family: Adamina;\">Dans le cadre de l\u2019exploitation du site, le traitement de donn\u00e9es personnelles a pour finalit\u00e9 la gestion des prospects, l\u2019\u00e9laboration de statistiques, la gestion des demandes de droit d\u2019acc\u00e8s, de rectification et d\u2019opposition.<\/span><\/p>\n                    <h3><span style=\"font-family: Adamina;\">Droits des utilisateurs du site internet<\/span><\/h3>\n                    <p><span style=\"font-family: Adamina;\">Pour l\u2019ensemble de vos donn\u00e9es personnelles, vous pouvez exercer les droits suivants aupr\u00e8s du responsable de traitement, le cabinet, dans les limites pr\u00e9vues par la r\u00e9glementation applicable.<\/span><\/p>\n                    <ul>\n                      <li><span style=\"font-family: Adamina;\">\u2013 Droit d\u2019acc\u00e8s aux donn\u00e9es \u00e0 caract\u00e8re personnel fournies&nbsp;;<\/span><\/li>\n                      <li><span style=\"font-family: Adamina;\">\u2013 Droit de demander la rectification ou l\u2019effacement de celles-ci&nbsp;;<\/span><\/li>\n                      <li><span style=\"font-family: Adamina;\">\u2013 Droit de demander une limitation du traitement relatif \u00e0 sa personne&nbsp;;<\/span><\/li>\n                      <li><span style=\"font-family: Adamina;\">\u2013 Droit de s\u2019opposer au traitement et de retirer son consentement \u00e0 tout moment&nbsp;;<\/span><\/li>\n                      <li><span style=\"font-family: Adamina;\">\u2013 Droit \u00e0 la portabilit\u00e9 des donn\u00e9es.<\/span><\/li>\n                    <\/ul>\n                    <p><span style=\"font-family: Adamina;\">Dans l&rsquo;hypoth\u00e8se ou l&rsquo;internaute consid\u00e8re que ses donn\u00e9es n&rsquo;ont pas \u00e9t\u00e9 prot\u00e9g\u00e9es, il dispose du droit d&rsquo;introduire une r\u00e9clamation aupr\u00e8s de la CNIL.<\/span><\/p>\n                    <h3><span style=\"font-family: Adamina;\">Communication des donn\u00e9es personnelles \u00e0 des tiers<\/span><\/h3>\n                    <p><span style=\"font-family: Adamina;\">Les donn\u00e9es personnelles collect\u00e9es par le cabinet pourront \u00eatre divulgu\u00e9es en application d\u2019une loi, d\u2019un r\u00e8glement ou en vertu d\u2019une d\u00e9cision d\u2019une autorit\u00e9 r\u00e9glementaire ou judiciaire comp\u00e9tente. Le cabinet se conforme \u00e0 toutes les r\u00e8gles l\u00e9gales qui pourraient emp\u00eacher, limiter ou r\u00e9glementer la diffusion d\u2019informations ou de donn\u00e9es.<\/span><\/p>\n                    <h3><span style=\"font-family: Adamina;\">Dur\u00e9e de conservation des donn\u00e9es<\/span><\/h3>\n                    <p><span style=\"font-family: Adamina;\">Vos donn\u00e9es sont trait\u00e9es et conserv\u00e9es par le cabinet d\u00e8s votre prise d\u2019attache, y compris pour le simple \u00e9tablissement d\u2019un devis ou lors de la prise de rendez-vous. Elles ne sont pas conserv\u00e9es au-del\u00e0 du temps n\u00e9cessaire \u00e0 la r\u00e9alisation des finalit\u00e9s d\u00e9crites dans la pr\u00e9sente politique. En cas de proposition de rendez-vous du cabinet non suivie, ou d\u2019\u00e9changes \u00e9lectroniques auxquels il ne sera pas donn\u00e9 suite, l\u2019ensemble des donn\u00e9es personnelles li\u00e9es au dossier collect\u00e9es fera l\u2019objet d\u2019une suppression dans un d\u00e9lai maximal de 12 mois aux fins de protection de la vie priv\u00e9e. Les donn\u00e9es d\u2019identification (noms, pr\u00e9noms et adresse mail et t\u00e9l\u00e9phone) pourront \u00eatre conserv\u00e9es pendant une p\u00e9riode de 3 ann\u00e9es aux fins de sollicitation personnalis\u00e9e apr\u00e8s le dernier contact. Dans tous les autres cas, les donn\u00e9es seront conserv\u00e9es pendant une dur\u00e9e maximale de 5 ann\u00e9es \u00e0 compter du dernier acte juridique ou judiciaire r\u00e9alis\u00e9 par le cabinet sauf prescription particuli\u00e8re. Au-del\u00e0, elles pourront \u00eatre anonymis\u00e9es ou archiv\u00e9es \u00e0 des fins statistiques et probatoires.<\/span><\/p>\n                    <h3><span style=\"font-family: Adamina;\">Transfert des donn\u00e9es en dehors de l\u2019Union Europ\u00e9enne<\/span><\/h3>\n                    <p><span style=\"font-family: Adamina;\">Le cabinet s\u2019engage \u00e0 respecter la r\u00e9glementation applicable relative aux transferts des donn\u00e9es vers des pays \u00e9trangers offrant un niveau de protection \u00e9quivalent, et \u00e0 obtenir une autorisation aupr\u00e8s de la CNIL pour proc\u00e9der \u00e0 un tel transfert dans le cas o\u00f9 le pays destinataire ne disposerait pas d\u2019un tel niveau de protection.<\/span><\/p>\n                    <h3><span style=\"font-family: Adamina;\">S\u00e9curit\u00e9 des donn\u00e9es<\/span><\/h3>\n                    <p><span style=\"font-family: Adamina;\">Le cabinet met en \u0153uvre toutes les mesures techniques et organisationnelles appropri\u00e9es gr\u00e2ce \u00e0 des moyens de s\u00e9curisation physiques et logistiques afin de garantir un niveau de s\u00e9curit\u00e9 adapt\u00e9 au regard des risques d\u2019acc\u00e8s accidentels, non autoris\u00e9s ou ill\u00e9gaux, de divulgation, d\u2019alt\u00e9ration, de perte ou encore de destruction des donn\u00e9es personnelles vous concernant.<\/span><\/p>\n                    <h3><span style=\"font-family: Adamina;\">Demandes<\/span><\/h3>\n                    <p><span style=\"font-family: Adamina;\">Pour toute demande concernant la politique de protection des donn\u00e9es des utilisateur du site, et pour exercer vos droits vous pouvez contacter le cabinet \u00e0 l\u2019adresse<\/span><\/p>\n                    <p>\n                      <br>\n                    <\/p>\n                  <\/div>\n                <\/div>\n              <\/div>\n            <\/div>\n          <\/div>\n        <\/div>\n      <\/div>\n    <\/div>\n  <\/div>\n<\/div>","protected":false},"excerpt":{"rendered":"<p>Politique de confidentialit\u00e9 Dans le cadre de l\u2019exploitation du site, le cabinet est susceptible de collecter les donn\u00e9es suivantes vous concernant&nbsp;en tant que responsable de traitement, par l&rsquo;interm\u00e9diaire de ses sous-traitants : \u2013 Nom et pr\u00e9nom \u2013 Adresse \u00e9lectronique \u2013 Num\u00e9ro de t\u00e9l\u00e9phone \u2013 Probl\u00e9matique juridique \u2013 Adresse IP Finalit\u00e9 des traitements Dans le cadre [&hellip;]<\/p>\n","protected":false},"author":1,"featured_media":0,"parent":0,"menu_order":0,"comment_status":"closed","ping_status":"open","template":"page-templates\/full-width-page.php","meta":{"saved_in_kubio":false,"footnotes":""},"class_list":["post-3","page","type-page","status-publish","hentry"],"kubio_ai_page_context":{"short_desc":"","purpose":"general"},"yoast_head":"<!-- This site is optimized with the Yoast SEO plugin v26.8 - https:\/\/yoast.com\/product\/yoast-seo-wordpress\/ -->\n<title>Politique de confidentialit\u00e9 - Camille Loyer-Lozach<\/title>\n<meta name=\"robots\" content=\"index, follow, max-snippet:-1, max-image-preview:large, max-video-preview:-1\" \/>\n<link rel=\"canonical\" href=\"https:\/\/www.camilleloyer-avocat.fr\/index.php\/politique-de-confidentialite\/\" \/>\n<meta property=\"og:locale\" content=\"fr_FR\" \/>\n<meta property=\"og:type\" content=\"article\" \/>\n<meta property=\"og:title\" content=\"Politique de confidentialit\u00e9 - Camille Loyer-Lozach\" \/>\n<meta property=\"og:description\" content=\"Politique de confidentialit\u00e9 Dans le cadre de l\u2019exploitation du site, le cabinet est susceptible de collecter les donn\u00e9es suivantes vous concernant&nbsp;en tant que responsable de traitement, par l&rsquo;interm\u00e9diaire de ses sous-traitants : \u2013 Nom et pr\u00e9nom \u2013 Adresse \u00e9lectronique \u2013 Num\u00e9ro de t\u00e9l\u00e9phone \u2013 Probl\u00e9matique juridique \u2013 Adresse IP Finalit\u00e9 des traitements Dans le cadre [&hellip;]\" \/>\n<meta property=\"og:url\" content=\"https:\/\/www.camilleloyer-avocat.fr\/index.php\/politique-de-confidentialite\/\" \/>\n<meta property=\"og:site_name\" content=\"Camille Loyer-Lozach\" \/>\n<meta property=\"article:modified_time\" content=\"2026-01-29T11:13:48+00:00\" \/>\n<meta name=\"twitter:card\" content=\"summary_large_image\" \/>\n<meta name=\"twitter:label1\" content=\"Dur\u00e9e de lecture estim\u00e9e\" \/>\n\t<meta name=\"twitter:data1\" content=\"3 minutes\" \/>\n<script type=\"application\/ld+json\" class=\"yoast-schema-graph\">{\"@context\":\"https:\/\/schema.org\",\"@graph\":[{\"@type\":\"WebPage\",\"@id\":\"https:\/\/www.camilleloyer-avocat.fr\/index.php\/politique-de-confidentialite\/\",\"url\":\"https:\/\/www.camilleloyer-avocat.fr\/index.php\/politique-de-confidentialite\/\",\"name\":\"Politique de confidentialit\u00e9 - Camille Loyer-Lozach\",\"isPartOf\":{\"@id\":\"https:\/\/www.camilleloyer-avocat.fr\/#website\"},\"datePublished\":\"2023-02-11T10:51:37+00:00\",\"dateModified\":\"2026-01-29T11:13:48+00:00\",\"breadcrumb\":{\"@id\":\"https:\/\/www.camilleloyer-avocat.fr\/index.php\/politique-de-confidentialite\/#breadcrumb\"},\"inLanguage\":\"fr-FR\",\"potentialAction\":[{\"@type\":\"ReadAction\",\"target\":[\"https:\/\/www.camilleloyer-avocat.fr\/index.php\/politique-de-confidentialite\/\"]}]},{\"@type\":\"BreadcrumbList\",\"@id\":\"https:\/\/www.camilleloyer-avocat.fr\/index.php\/politique-de-confidentialite\/#breadcrumb\",\"itemListElement\":[{\"@type\":\"ListItem\",\"position\":1,\"name\":\"Accueil\",\"item\":\"https:\/\/www.camilleloyer-avocat.fr\/\"},{\"@type\":\"ListItem\",\"position\":2,\"name\":\"Politique de confidentialit\u00e9\"}]},{\"@type\":\"WebSite\",\"@id\":\"https:\/\/www.camilleloyer-avocat.fr\/#website\",\"url\":\"https:\/\/www.camilleloyer-avocat.fr\/\",\"name\":\"Camille Loyer Lozach\",\"description\":\"Avocate en droit de la propri\u00e9t\u00e9 intellectuelle, droit du num\u00e9rique et droit p\u00e9nal\",\"publisher\":{\"@id\":\"https:\/\/www.camilleloyer-avocat.fr\/#organization\"},\"potentialAction\":[{\"@type\":\"SearchAction\",\"target\":{\"@type\":\"EntryPoint\",\"urlTemplate\":\"https:\/\/www.camilleloyer-avocat.fr\/?s={search_term_string}\"},\"query-input\":{\"@type\":\"PropertyValueSpecification\",\"valueRequired\":true,\"valueName\":\"search_term_string\"}}],\"inLanguage\":\"fr-FR\"},{\"@type\":\"Organization\",\"@id\":\"https:\/\/www.camilleloyer-avocat.fr\/#organization\",\"name\":\"Camille Loyer Lozach\",\"url\":\"https:\/\/www.camilleloyer-avocat.fr\/\",\"logo\":{\"@type\":\"ImageObject\",\"inLanguage\":\"fr-FR\",\"@id\":\"https:\/\/www.camilleloyer-avocat.fr\/#\/schema\/logo\/image\/\",\"url\":\"https:\/\/www.camilleloyer-avocat.fr\/wp-content\/uploads\/2025\/07\/cropped-Logo-CL.jpg\",\"contentUrl\":\"https:\/\/www.camilleloyer-avocat.fr\/wp-content\/uploads\/2025\/07\/cropped-Logo-CL.jpg\",\"width\":66,\"height\":72,\"caption\":\"Camille Loyer Lozach\"},\"image\":{\"@id\":\"https:\/\/www.camilleloyer-avocat.fr\/#\/schema\/logo\/image\/\"}}]}<\/script>\n<!-- \/ Yoast SEO plugin. -->","yoast_head_json":{"title":"Politique de confidentialit\u00e9 - Camille Loyer-Lozach","robots":{"index":"index","follow":"follow","max-snippet":"max-snippet:-1","max-image-preview":"max-image-preview:large","max-video-preview":"max-video-preview:-1"},"canonical":"https:\/\/www.camilleloyer-avocat.fr\/index.php\/politique-de-confidentialite\/","og_locale":"fr_FR","og_type":"article","og_title":"Politique de confidentialit\u00e9 - Camille Loyer-Lozach","og_description":"Politique de confidentialit\u00e9 Dans le cadre de l\u2019exploitation du site, le cabinet est susceptible de collecter les donn\u00e9es suivantes vous concernant&nbsp;en tant que responsable de traitement, par l&rsquo;interm\u00e9diaire de ses sous-traitants : \u2013 Nom et pr\u00e9nom \u2013 Adresse \u00e9lectronique \u2013 Num\u00e9ro de t\u00e9l\u00e9phone \u2013 Probl\u00e9matique juridique \u2013 Adresse IP Finalit\u00e9 des traitements Dans le cadre [&hellip;]","og_url":"https:\/\/www.camilleloyer-avocat.fr\/index.php\/politique-de-confidentialite\/","og_site_name":"Camille Loyer-Lozach","article_modified_time":"2026-01-29T11:13:48+00:00","twitter_card":"summary_large_image","twitter_misc":{"Dur\u00e9e de lecture estim\u00e9e":"3 minutes"},"schema":{"@context":"https:\/\/schema.org","@graph":[{"@type":"WebPage","@id":"https:\/\/www.camilleloyer-avocat.fr\/index.php\/politique-de-confidentialite\/","url":"https:\/\/www.camilleloyer-avocat.fr\/index.php\/politique-de-confidentialite\/","name":"Politique de confidentialit\u00e9 - Camille Loyer-Lozach","isPartOf":{"@id":"https:\/\/www.camilleloyer-avocat.fr\/#website"},"datePublished":"2023-02-11T10:51:37+00:00","dateModified":"2026-01-29T11:13:48+00:00","breadcrumb":{"@id":"https:\/\/www.camilleloyer-avocat.fr\/index.php\/politique-de-confidentialite\/#breadcrumb"},"inLanguage":"fr-FR","potentialAction":[{"@type":"ReadAction","target":["https:\/\/www.camilleloyer-avocat.fr\/index.php\/politique-de-confidentialite\/"]}]},{"@type":"BreadcrumbList","@id":"https:\/\/www.camilleloyer-avocat.fr\/index.php\/politique-de-confidentialite\/#breadcrumb","itemListElement":[{"@type":"ListItem","position":1,"name":"Accueil","item":"https:\/\/www.camilleloyer-avocat.fr\/"},{"@type":"ListItem","position":2,"name":"Politique de confidentialit\u00e9"}]},{"@type":"WebSite","@id":"https:\/\/www.camilleloyer-avocat.fr\/#website","url":"https:\/\/www.camilleloyer-avocat.fr\/","name":"Camille Loyer Lozach","description":"Avocate en droit de la propri\u00e9t\u00e9 intellectuelle, droit du num\u00e9rique et droit p\u00e9nal","publisher":{"@id":"https:\/\/www.camilleloyer-avocat.fr\/#organization"},"potentialAction":[{"@type":"SearchAction","target":{"@type":"EntryPoint","urlTemplate":"https:\/\/www.camilleloyer-avocat.fr\/?s={search_term_string}"},"query-input":{"@type":"PropertyValueSpecification","valueRequired":true,"valueName":"search_term_string"}}],"inLanguage":"fr-FR"},{"@type":"Organization","@id":"https:\/\/www.camilleloyer-avocat.fr\/#organization","name":"Camille Loyer Lozach","url":"https:\/\/www.camilleloyer-avocat.fr\/","logo":{"@type":"ImageObject","inLanguage":"fr-FR","@id":"https:\/\/www.camilleloyer-avocat.fr\/#\/schema\/logo\/image\/","url":"https:\/\/www.camilleloyer-avocat.fr\/wp-content\/uploads\/2025\/07\/cropped-Logo-CL.jpg","contentUrl":"https:\/\/www.camilleloyer-avocat.fr\/wp-content\/uploads\/2025\/07\/cropped-Logo-CL.jpg","width":66,"height":72,"caption":"Camille Loyer Lozach"},"image":{"@id":"https:\/\/www.camilleloyer-avocat.fr\/#\/schema\/logo\/image\/"}}]}},"_links":{"self":[{"href":"https:\/\/www.camilleloyer-avocat.fr\/index.php\/wp-json\/wp\/v2\/pages\/3","targetHints":{"allow":["GET"]}}],"collection":[{"href":"https:\/\/www.camilleloyer-avocat.fr\/index.php\/wp-json\/wp\/v2\/pages"}],"about":[{"href":"https:\/\/www.camilleloyer-avocat.fr\/index.php\/wp-json\/wp\/v2\/types\/page"}],"author":[{"embeddable":true,"href":"https:\/\/www.camilleloyer-avocat.fr\/index.php\/wp-json\/wp\/v2\/users\/1"}],"replies":[{"embeddable":true,"href":"https:\/\/www.camilleloyer-avocat.fr\/index.php\/wp-json\/wp\/v2\/comments?post=3"}],"version-history":[{"count":4,"href":"https:\/\/www.camilleloyer-avocat.fr\/index.php\/wp-json\/wp\/v2\/pages\/3\/revisions"}],"predecessor-version":[{"id":1422,"href":"https:\/\/www.camilleloyer-avocat.fr\/index.php\/wp-json\/wp\/v2\/pages\/3\/revisions\/1422"}],"wp:attachment":[{"href":"https:\/\/www.camilleloyer-avocat.fr\/index.php\/wp-json\/wp\/v2\/media?parent=3"}],"curies":[{"name":"wp","href":"https:\/\/api.w.org\/{rel}","templated":true}]}}