{"id":437,"date":"2025-08-01T12:38:52","date_gmt":"2025-08-01T10:38:52","guid":{"rendered":"https:\/\/www.camilleloyer-avocat.fr\/?page_id=437"},"modified":"2026-01-29T09:07:42","modified_gmt":"2026-01-29T08:07:42","slug":"prendre-rendez-vous","status":"publish","type":"page","link":"https:\/\/www.camilleloyer-avocat.fr\/index.php\/prendre-rendez-vous\/","title":{"rendered":"Prendre rendez-vous"},"content":{"rendered":"<div data-colibri-id=\"437-c1\" class=\"style-344 style-local-437-c1 position-relative\">\n  <!---->\n  <div data-colibri-component=\"section\" data-colibri-id=\"437-c2\" id=\"custom\" class=\"h-section h-section-global-spacing d-flex align-items-lg-center align-items-md-center align-items-center style-345 style-local-437-c2 position-relative\">\n    <!---->\n    <!---->\n    <div class=\"h-section-grid-container h-section-boxed-container\">\n      <!---->\n      <div data-colibri-id=\"437-c3\" class=\"h-row-container gutters-row-lg-2 gutters-row-md-2 gutters-row-0 gutters-row-v-lg-2 gutters-row-v-md-2 gutters-row-v-2 style-426 style-local-437-c3 position-relative\">\n        <!---->\n        <div class=\"h-row justify-content-lg-center justify-content-md-center justify-content-center align-items-lg-stretch align-items-md-stretch align-items-stretch gutters-col-lg-2 gutters-col-md-2 gutters-col-0 gutters-col-v-lg-2 gutters-col-v-md-2 gutters-col-v-2\">\n          <!---->\n          <div class=\"h-column h-column-container d-flex h-col-lg-auto h-col-md-auto h-col-auto style-427-outer style-local-437-c4-outer\">\n            <div data-colibri-id=\"437-c4\" class=\"d-flex h-flex-basis h-column__inner h-px-lg-2 h-px-md-2 h-px-2 v-inner-lg-2 v-inner-md-2 v-inner-2 style-427 style-local-437-c4 position-relative\">\n              <!---->\n              <!---->\n              <div class=\"w-100 h-y-container h-column__content h-column__v-align flex-basis-100 align-self-lg-start align-self-md-start align-self-start\">\n                <!---->\n                <div data-colibri-id=\"437-c5\" class=\"h-global-transition-all h-heading style-428 style-local-437-c5 position-relative h-element\">\n                  <!---->\n                  <div class=\"h-heading__outer style-428 style-local-437-c5\">\n                    <!---->\n                    <!---->\n                    <h1 class=\"\">Nous contacter<\/h1>\n                  <\/div>\n                <\/div>\n              <\/div>\n            <\/div>\n          <\/div>\n        <\/div>\n      <\/div>\n      <div data-colibri-id=\"437-c6\" class=\"h-row-container gutters-row-lg-2 gutters-row-md-2 gutters-row-0 gutters-row-v-lg-2 gutters-row-v-md-2 gutters-row-v-2 style-349 style-local-437-c6 position-relative\">\n        <!---->\n        <div class=\"h-row justify-content-lg-center justify-content-md-center justify-content-center align-items-lg-stretch align-items-md-stretch align-items-stretch gutters-col-lg-2 gutters-col-md-2 gutters-col-0 gutters-col-v-lg-2 gutters-col-v-md-2 gutters-col-v-2\">\n          <!---->\n          <div class=\"h-column h-column-container d-flex h-col-lg-auto h-col-md-auto h-col-auto style-350-outer style-local-437-c7-outer\">\n            <div data-colibri-id=\"437-c7\" class=\"d-flex h-flex-basis h-column__inner h-px-lg-2 h-px-md-2 h-px-2 v-inner-lg-2 v-inner-md-2 v-inner-2 style-350 style-local-437-c7 position-relative\">\n              <!---->\n              <!---->\n              <div class=\"w-100 h-y-container h-column__content h-column__v-align flex-basis-100 align-self-lg-start align-self-md-start align-self-start\">\n                <!---->\n                <div data-colibri-id=\"437-c8\" class=\"h-text h-text-component style-351 style-local-437-c8 position-relative h-element\">\n                  <!---->\n                  <!---->\n                  <div class=\"\">\n                    <p>Camille Loyer-Lozach est disponible sur rendez-vous, par t\u00e9l\u00e9phone ou visioconf\u00e9rence.<\/p>\n                    <p>Pour r\u00e9server un rendez-vous, cliquez sur le lien ci-dessous<\/p>\n                    <p>\n                      <br>\n                    <\/p>\n                  <\/div>\n                <\/div>\n                <div data-colibri-id=\"437-c9\" class=\"h-x-container style-352 style-local-437-c9 position-relative h-element\">\n                  <!---->\n                  <div class=\"h-x-container-inner style-dynamic-437-c9-group style-352-spacing style-local-437-c9-spacing\"><span class=\"h-button__outer style-353-outer style-local-437-c10-outer d-inline-flex h-element\"><a h-use-smooth-scroll=\"true\" href=\"https:\/\/consultation.avocat.fr\/avocat-paris\/camille-loyer-lozach-51318.html\"  data-colibri-id=\"437-c10\" class=\"d-flex w-100 align-items-center h-button justify-content-lg-center justify-content-md-center justify-content-center style-353 style-local-437-c10 position-relative\"><!----><!----> <span>Prendre rendez-vous<\/span><\/a>\n                    <\/span>\n                  <\/div>\n                <\/div>\n              <\/div>\n            <\/div>\n          <\/div>\n        <\/div>\n      <\/div>\n      <div data-colibri-id=\"437-c11\" class=\"h-row-container gutters-row-lg-2 gutters-row-md-2 gutters-row-0 gutters-row-v-lg-2 gutters-row-v-md-2 gutters-row-v-2 style-346 style-local-437-c11 position-relative\">\n        <!---->\n        <div class=\"h-row justify-content-lg-center justify-content-md-center justify-content-center align-items-lg-stretch align-items-md-stretch align-items-stretch gutters-col-lg-2 gutters-col-md-2 gutters-col-0 gutters-col-v-lg-2 gutters-col-v-md-2 gutters-col-v-2\">\n          <!---->\n          <div class=\"h-column h-column-container d-flex h-col-lg-auto h-col-md-auto h-col-auto style-347-outer style-local-437-c12-outer\">\n            <div data-colibri-id=\"437-c12\" class=\"d-flex h-flex-basis h-column__inner h-px-lg-2 h-px-md-2 h-px-2 v-inner-lg-2 v-inner-md-2 v-inner-2 style-347 style-local-437-c12 position-relative\">\n              <!---->\n              <!---->\n              <div class=\"w-100 h-y-container h-column__content h-column__v-align flex-basis-100 align-self-lg-start align-self-md-start align-self-start\">\n                <!---->\n                <div data-colibri-id=\"437-c13\" class=\"h-text h-text-component style-478 style-local-437-c13 position-relative h-element\">\n                  <!---->\n                  <!---->\n                  <div class=\"\">\n                    <p>Le cabinet se trouve au 69 place du Docteur Felix Lobligeois, 75017 Paris<\/p>\n                    <p>Ma\u00eetre Loyer-Lozach ne re\u00e7oit que sur rendez-vous.<\/p>\n                  <\/div>\n                <\/div>\n              <\/div>\n            <\/div>\n          <\/div>\n          <div class=\"h-column h-column-container d-flex h-col-lg-auto h-col-md-auto h-col-auto style-348-outer style-local-437-c14-outer\">\n            <div data-colibri-id=\"437-c14\" class=\"d-flex h-flex-basis h-column__inner h-px-lg-2 h-px-md-2 h-px-2 v-inner-lg-2 v-inner-md-2 v-inner-2 style-348 style-local-437-c14 position-relative\">\n              <!---->\n              <!---->\n              <div class=\"w-100 h-y-container h-column__content h-column__v-align flex-basis-100 align-self-lg-start align-self-md-start align-self-start\">\n                <!---->\n                <div data-colibri-id=\"437-c15\" class=\"h-text h-text-component style-479 style-local-437-c15 position-relative h-element\">\n                  <!---->\n                  <!---->\n                  <div class=\"\">\n                    <p>Pour toute demande d&rsquo;informations pr\u00e9alable \u00e0 la prise de rendez-vous, vous pouvez nous \u00e9crire \u00e0 l&rsquo;adresse\n                      <u>clo(at)camilleloyer-avocat.fr<\/u>\n                    <\/p>\n                  <\/div>\n                <\/div>\n              <\/div>\n            <\/div>\n          <\/div>\n        <\/div>\n      <\/div>\n    <\/div>\n  <\/div>\n<\/div>","protected":false},"excerpt":{"rendered":"<p>Nous contacter Camille Loyer-Lozach est disponible sur rendez-vous, par t\u00e9l\u00e9phone ou visioconf\u00e9rence. Pour r\u00e9server un rendez-vous, cliquez sur le lien ci-dessous Prendre rendez-vous Le cabinet se trouve au 69 place du Docteur Felix Lobligeois, 75017 Paris Ma\u00eetre Loyer-Lozach ne re\u00e7oit que sur rendez-vous. Pour toute demande d&rsquo;informations pr\u00e9alable \u00e0 la prise de rendez-vous, vous pouvez [&hellip;]<\/p>\n","protected":false},"author":1,"featured_media":0,"parent":0,"menu_order":0,"comment_status":"closed","ping_status":"closed","template":"page-templates\/full-width-page.php","meta":{"saved_in_kubio":false,"footnotes":""},"class_list":["post-437","page","type-page","status-publish","hentry"],"kubio_ai_page_context":{"short_desc":"","purpose":"general"},"yoast_head":"<!-- This site is optimized with the Yoast SEO plugin v26.8 - https:\/\/yoast.com\/product\/yoast-seo-wordpress\/ -->\n<title>Prendre rendez-vous - Camille Loyer-Lozach<\/title>\n<meta name=\"robots\" content=\"index, follow, max-snippet:-1, max-image-preview:large, max-video-preview:-1\" \/>\n<link rel=\"canonical\" href=\"https:\/\/www.camilleloyer-avocat.fr\/index.php\/prendre-rendez-vous\/\" \/>\n<meta property=\"og:locale\" content=\"fr_FR\" \/>\n<meta property=\"og:type\" content=\"article\" \/>\n<meta property=\"og:title\" content=\"Prendre rendez-vous - Camille Loyer-Lozach\" \/>\n<meta property=\"og:description\" content=\"Nous contacter Camille Loyer-Lozach est disponible sur rendez-vous, par t\u00e9l\u00e9phone ou visioconf\u00e9rence. Pour r\u00e9server un rendez-vous, cliquez sur le lien ci-dessous Prendre rendez-vous Le cabinet se trouve au 69 place du Docteur Felix Lobligeois, 75017 Paris Ma\u00eetre Loyer-Lozach ne re\u00e7oit que sur rendez-vous. Pour toute demande d&rsquo;informations pr\u00e9alable \u00e0 la prise de rendez-vous, vous pouvez [&hellip;]\" \/>\n<meta property=\"og:url\" content=\"https:\/\/www.camilleloyer-avocat.fr\/index.php\/prendre-rendez-vous\/\" \/>\n<meta property=\"og:site_name\" content=\"Camille Loyer-Lozach\" \/>\n<meta property=\"article:modified_time\" content=\"2026-01-29T08:07:42+00:00\" \/>\n<meta name=\"twitter:card\" content=\"summary_large_image\" \/>\n<script type=\"application\/ld+json\" class=\"yoast-schema-graph\">{\"@context\":\"https:\/\/schema.org\",\"@graph\":[{\"@type\":\"WebPage\",\"@id\":\"https:\/\/www.camilleloyer-avocat.fr\/index.php\/prendre-rendez-vous\/\",\"url\":\"https:\/\/www.camilleloyer-avocat.fr\/index.php\/prendre-rendez-vous\/\",\"name\":\"Prendre rendez-vous - Camille Loyer-Lozach\",\"isPartOf\":{\"@id\":\"https:\/\/www.camilleloyer-avocat.fr\/#website\"},\"datePublished\":\"2025-08-01T10:38:52+00:00\",\"dateModified\":\"2026-01-29T08:07:42+00:00\",\"breadcrumb\":{\"@id\":\"https:\/\/www.camilleloyer-avocat.fr\/index.php\/prendre-rendez-vous\/#breadcrumb\"},\"inLanguage\":\"fr-FR\",\"potentialAction\":[{\"@type\":\"ReadAction\",\"target\":[\"https:\/\/www.camilleloyer-avocat.fr\/index.php\/prendre-rendez-vous\/\"]}]},{\"@type\":\"BreadcrumbList\",\"@id\":\"https:\/\/www.camilleloyer-avocat.fr\/index.php\/prendre-rendez-vous\/#breadcrumb\",\"itemListElement\":[{\"@type\":\"ListItem\",\"position\":1,\"name\":\"Accueil\",\"item\":\"https:\/\/www.camilleloyer-avocat.fr\/\"},{\"@type\":\"ListItem\",\"position\":2,\"name\":\"Prendre rendez-vous\"}]},{\"@type\":\"WebSite\",\"@id\":\"https:\/\/www.camilleloyer-avocat.fr\/#website\",\"url\":\"https:\/\/www.camilleloyer-avocat.fr\/\",\"name\":\"Camille Loyer Lozach\",\"description\":\"Avocate en droit de la propri\u00e9t\u00e9 intellectuelle, droit du num\u00e9rique et droit p\u00e9nal\",\"publisher\":{\"@id\":\"https:\/\/www.camilleloyer-avocat.fr\/#organization\"},\"potentialAction\":[{\"@type\":\"SearchAction\",\"target\":{\"@type\":\"EntryPoint\",\"urlTemplate\":\"https:\/\/www.camilleloyer-avocat.fr\/?s={search_term_string}\"},\"query-input\":{\"@type\":\"PropertyValueSpecification\",\"valueRequired\":true,\"valueName\":\"search_term_string\"}}],\"inLanguage\":\"fr-FR\"},{\"@type\":\"Organization\",\"@id\":\"https:\/\/www.camilleloyer-avocat.fr\/#organization\",\"name\":\"Camille Loyer Lozach\",\"url\":\"https:\/\/www.camilleloyer-avocat.fr\/\",\"logo\":{\"@type\":\"ImageObject\",\"inLanguage\":\"fr-FR\",\"@id\":\"https:\/\/www.camilleloyer-avocat.fr\/#\/schema\/logo\/image\/\",\"url\":\"https:\/\/www.camilleloyer-avocat.fr\/wp-content\/uploads\/2025\/07\/cropped-Logo-CL.jpg\",\"contentUrl\":\"https:\/\/www.camilleloyer-avocat.fr\/wp-content\/uploads\/2025\/07\/cropped-Logo-CL.jpg\",\"width\":66,\"height\":72,\"caption\":\"Camille Loyer Lozach\"},\"image\":{\"@id\":\"https:\/\/www.camilleloyer-avocat.fr\/#\/schema\/logo\/image\/\"}}]}<\/script>\n<!-- \/ Yoast SEO plugin. -->","yoast_head_json":{"title":"Prendre rendez-vous - Camille Loyer-Lozach","robots":{"index":"index","follow":"follow","max-snippet":"max-snippet:-1","max-image-preview":"max-image-preview:large","max-video-preview":"max-video-preview:-1"},"canonical":"https:\/\/www.camilleloyer-avocat.fr\/index.php\/prendre-rendez-vous\/","og_locale":"fr_FR","og_type":"article","og_title":"Prendre rendez-vous - Camille Loyer-Lozach","og_description":"Nous contacter Camille Loyer-Lozach est disponible sur rendez-vous, par t\u00e9l\u00e9phone ou visioconf\u00e9rence. Pour r\u00e9server un rendez-vous, cliquez sur le lien ci-dessous Prendre rendez-vous Le cabinet se trouve au 69 place du Docteur Felix Lobligeois, 75017 Paris Ma\u00eetre Loyer-Lozach ne re\u00e7oit que sur rendez-vous. Pour toute demande d&rsquo;informations pr\u00e9alable \u00e0 la prise de rendez-vous, vous pouvez [&hellip;]","og_url":"https:\/\/www.camilleloyer-avocat.fr\/index.php\/prendre-rendez-vous\/","og_site_name":"Camille Loyer-Lozach","article_modified_time":"2026-01-29T08:07:42+00:00","twitter_card":"summary_large_image","schema":{"@context":"https:\/\/schema.org","@graph":[{"@type":"WebPage","@id":"https:\/\/www.camilleloyer-avocat.fr\/index.php\/prendre-rendez-vous\/","url":"https:\/\/www.camilleloyer-avocat.fr\/index.php\/prendre-rendez-vous\/","name":"Prendre rendez-vous - Camille Loyer-Lozach","isPartOf":{"@id":"https:\/\/www.camilleloyer-avocat.fr\/#website"},"datePublished":"2025-08-01T10:38:52+00:00","dateModified":"2026-01-29T08:07:42+00:00","breadcrumb":{"@id":"https:\/\/www.camilleloyer-avocat.fr\/index.php\/prendre-rendez-vous\/#breadcrumb"},"inLanguage":"fr-FR","potentialAction":[{"@type":"ReadAction","target":["https:\/\/www.camilleloyer-avocat.fr\/index.php\/prendre-rendez-vous\/"]}]},{"@type":"BreadcrumbList","@id":"https:\/\/www.camilleloyer-avocat.fr\/index.php\/prendre-rendez-vous\/#breadcrumb","itemListElement":[{"@type":"ListItem","position":1,"name":"Accueil","item":"https:\/\/www.camilleloyer-avocat.fr\/"},{"@type":"ListItem","position":2,"name":"Prendre rendez-vous"}]},{"@type":"WebSite","@id":"https:\/\/www.camilleloyer-avocat.fr\/#website","url":"https:\/\/www.camilleloyer-avocat.fr\/","name":"Camille Loyer Lozach","description":"Avocate en droit de la propri\u00e9t\u00e9 intellectuelle, droit du num\u00e9rique et droit p\u00e9nal","publisher":{"@id":"https:\/\/www.camilleloyer-avocat.fr\/#organization"},"potentialAction":[{"@type":"SearchAction","target":{"@type":"EntryPoint","urlTemplate":"https:\/\/www.camilleloyer-avocat.fr\/?s={search_term_string}"},"query-input":{"@type":"PropertyValueSpecification","valueRequired":true,"valueName":"search_term_string"}}],"inLanguage":"fr-FR"},{"@type":"Organization","@id":"https:\/\/www.camilleloyer-avocat.fr\/#organization","name":"Camille Loyer Lozach","url":"https:\/\/www.camilleloyer-avocat.fr\/","logo":{"@type":"ImageObject","inLanguage":"fr-FR","@id":"https:\/\/www.camilleloyer-avocat.fr\/#\/schema\/logo\/image\/","url":"https:\/\/www.camilleloyer-avocat.fr\/wp-content\/uploads\/2025\/07\/cropped-Logo-CL.jpg","contentUrl":"https:\/\/www.camilleloyer-avocat.fr\/wp-content\/uploads\/2025\/07\/cropped-Logo-CL.jpg","width":66,"height":72,"caption":"Camille Loyer Lozach"},"image":{"@id":"https:\/\/www.camilleloyer-avocat.fr\/#\/schema\/logo\/image\/"}}]}},"_links":{"self":[{"href":"https:\/\/www.camilleloyer-avocat.fr\/index.php\/wp-json\/wp\/v2\/pages\/437","targetHints":{"allow":["GET"]}}],"collection":[{"href":"https:\/\/www.camilleloyer-avocat.fr\/index.php\/wp-json\/wp\/v2\/pages"}],"about":[{"href":"https:\/\/www.camilleloyer-avocat.fr\/index.php\/wp-json\/wp\/v2\/types\/page"}],"author":[{"embeddable":true,"href":"https:\/\/www.camilleloyer-avocat.fr\/index.php\/wp-json\/wp\/v2\/users\/1"}],"replies":[{"embeddable":true,"href":"https:\/\/www.camilleloyer-avocat.fr\/index.php\/wp-json\/wp\/v2\/comments?post=437"}],"version-history":[{"count":19,"href":"https:\/\/www.camilleloyer-avocat.fr\/index.php\/wp-json\/wp\/v2\/pages\/437\/revisions"}],"predecessor-version":[{"id":1300,"href":"https:\/\/www.camilleloyer-avocat.fr\/index.php\/wp-json\/wp\/v2\/pages\/437\/revisions\/1300"}],"wp:attachment":[{"href":"https:\/\/www.camilleloyer-avocat.fr\/index.php\/wp-json\/wp\/v2\/media?parent=437"}],"curies":[{"name":"wp","href":"https:\/\/api.w.org\/{rel}","templated":true}]}}